{"id":1746,"date":"2025-06-10T21:46:58","date_gmt":"2025-06-10T21:46:58","guid":{"rendered":"https:\/\/btssioclm.ddec.pf\/?page_id=1746"},"modified":"2025-06-10T23:09:32","modified_gmt":"2025-06-10T23:09:32","slug":"les-etudes-post-bts","status":"publish","type":"page","link":"https:\/\/btssioclm.ddec.pf\/?page_id=1746","title":{"rendered":"Les \u00e9tudes POST-BTS"},"content":{"rendered":"\t\t<div data-elementor-type=\"wp-page\" data-elementor-id=\"1746\" class=\"elementor elementor-1746\" data-elementor-post-type=\"page\">\n\t\t\t\t<div class=\"elementor-element elementor-element-d39c7b5 e-flex e-con-boxed e-con e-parent\" data-id=\"d39c7b5\" data-element_type=\"container\">\n\t\t\t\t\t<div class=\"e-con-inner\">\n\t\t\t\t<div class=\"elementor-element elementor-element-5bd7a5b elementor-widget elementor-widget-text-editor\" data-id=\"5bd7a5b\" data-element_type=\"widget\" data-widget_type=\"text-editor.default\">\n\t\t\t\t<div class=\"elementor-widget-container\">\n\t\t\t\t\t\t\t\t\t<p><span style=\"color: #3366ff;\">Cette page est d\u00e9dier aux diff\u00e9rentes \u00e9tudes possible apr\u00e8s l&rsquo;obtention de se BTS<\/span><\/p>\t\t\t\t\t\t\t\t<\/div>\n\t\t\t\t<\/div>\n\t\t\t\t\t<\/div>\n\t\t\t\t<\/div>\n\t\t<div class=\"elementor-element elementor-element-e2f2fa9 e-flex e-con-boxed e-con e-parent\" data-id=\"e2f2fa9\" data-element_type=\"container\">\n\t\t\t\t\t<div class=\"e-con-inner\">\n\t\t\t\t<div class=\"elementor-element elementor-element-82ebae4 elementor-widget elementor-widget-text-editor\" data-id=\"82ebae4\" data-element_type=\"widget\" data-widget_type=\"text-editor.default\">\n\t\t\t\t<div class=\"elementor-widget-container\">\n\t\t\t\t\t\t\t\t\t<p>Pour la plus part apr\u00e8s le BTS parts chercher du travailler . Mais pour tout se quine veulent pas s&rsquo;arr\u00eater apr\u00e8s \u00eatre arriver aussi loin dans vos \u00e9tudes .<strong> Ici est votre point de d\u00e9part peut-\u00eatre vers de nouveau horizon<\/strong> <strong>!<\/strong><\/p>\t\t\t\t\t\t\t\t<\/div>\n\t\t\t\t<\/div>\n\t\t\t\t\t<\/div>\n\t\t\t\t<\/div>\n\t\t<div class=\"elementor-element elementor-element-85fb702 e-flex e-con-boxed e-con e-parent\" data-id=\"85fb702\" data-element_type=\"container\">\n\t\t\t\t\t<div class=\"e-con-inner\">\n\t\t\t\t<div class=\"elementor-element elementor-element-97d3daf elementor-widget elementor-widget-heading\" data-id=\"97d3daf\" data-element_type=\"widget\" data-widget_type=\"heading.default\">\n\t\t\t\t<div class=\"elementor-widget-container\">\n\t\t\t\t\t<h2 class=\"elementor-heading-title elementor-size-default\">Licences :<\/h2>\t\t\t\t<\/div>\n\t\t\t\t<\/div>\n\t\t\t\t\t<\/div>\n\t\t\t\t<\/div>\n\t\t<div class=\"elementor-element elementor-element-6afe720 e-flex e-con-boxed e-con e-parent\" data-id=\"6afe720\" data-element_type=\"container\">\n\t\t\t\t\t<div class=\"e-con-inner\">\n\t\t\t\t<div class=\"elementor-element elementor-element-9b86da5 elementor-widget elementor-widget-text-editor\" data-id=\"9b86da5\" data-element_type=\"widget\" data-widget_type=\"text-editor.default\">\n\t\t\t\t<div class=\"elementor-widget-container\">\n\t\t\t\t\t\t\t\t\t<p>Comme je le sais beaucoup se sont dit que il y a bien la possibilit\u00e9 de partir en licences pour continuer . Mais bon &#8230; Quel Licences faire ?<\/p>\t\t\t\t\t\t\t\t<\/div>\n\t\t\t\t<\/div>\n\t\t\t\t\t<\/div>\n\t\t\t\t<\/div>\n\t\t<div class=\"elementor-element elementor-element-c053ab1 e-flex e-con-boxed e-con e-parent\" data-id=\"c053ab1\" data-element_type=\"container\">\n\t\t\t\t\t<div class=\"e-con-inner\">\n\t\t\t\t<div class=\"elementor-element elementor-element-0cae153 elementor-widget elementor-widget-text-editor\" data-id=\"0cae153\" data-element_type=\"widget\" data-widget_type=\"text-editor.default\">\n\t\t\t\t<div class=\"elementor-widget-container\">\n\t\t\t\t\t\t\t\t\t<p>Il y \u00e0 bien <strong data-start=\"320\" data-end=\"347\">Licence professionnelle<\/strong><\/p><ul data-start=\"351\" data-end=\"761\"><li data-start=\"351\" data-end=\"527\"><p data-start=\"353\" data-end=\"527\"><strong data-start=\"353\" data-end=\"388\">Licence Pro Syst\u00e8mes et R\u00e9seaux<\/strong> : Elle te permet de te sp\u00e9cialiser dans l&rsquo;administration des syst\u00e8mes, des r\u00e9seaux, la s\u00e9curit\u00e9 informatique ou encore les services cloud.<\/p><\/li><li data-start=\"531\" data-end=\"761\"><p data-start=\"533\" data-end=\"761\"><strong data-start=\"533\" data-end=\"594\">Licence Pro Informatique (en fonction de l\u2019\u00e9tablissement)<\/strong> : Certaines licences professionnelles permettent de se sp\u00e9cialiser dans des domaines comme la gestion de bases de donn\u00e9es, le d\u00e9veloppement, ou m\u00eame la cybers\u00e9curit\u00e9.<\/p><\/li><\/ul>\t\t\t\t\t\t\t\t<\/div>\n\t\t\t\t<\/div>\n\t\t\t\t\t<\/div>\n\t\t\t\t<\/div>\n\t\t<div class=\"elementor-element elementor-element-7d3972a e-flex e-con-boxed e-con e-parent\" data-id=\"7d3972a\" data-element_type=\"container\">\n\t\t\t\t\t<div class=\"e-con-inner\">\n\t\t\t\t<div class=\"elementor-element elementor-element-2a1a196 elementor-widget elementor-widget-heading\" data-id=\"2a1a196\" data-element_type=\"widget\" data-widget_type=\"heading.default\">\n\t\t\t\t<div class=\"elementor-widget-container\">\n\t\t\t\t\t<h2 class=\"elementor-heading-title elementor-size-default\">Ecole d'ing\u00e9nierie<\/h2>\t\t\t\t<\/div>\n\t\t\t\t<\/div>\n\t\t\t\t\t<\/div>\n\t\t\t\t<\/div>\n\t\t<div class=\"elementor-element elementor-element-088478a e-flex e-con-boxed e-con e-parent\" data-id=\"088478a\" data-element_type=\"container\">\n\t\t\t\t\t<div class=\"e-con-inner\">\n\t\t\t\t<div class=\"elementor-element elementor-element-1bda4f7 elementor-widget elementor-widget-text-editor\" data-id=\"1bda4f7\" data-element_type=\"widget\" data-widget_type=\"text-editor.default\">\n\t\t\t\t<div class=\"elementor-widget-container\">\n\t\t\t\t\t\t\t\t\t<p>Les \u00e9coles d&rsquo;ing\u00e9nieries : Des \u00e9tablissement beaucoup plus adapter pour des Etudes sup\u00e9rieur en informatique elle peuvent servire de :<\/p><ul><li data-start=\"797\" data-end=\"1058\"><p data-start=\"799\" data-end=\"1058\"><strong data-start=\"799\" data-end=\"843\">Passerelles vers des \u00e9coles d\u2019ing\u00e9nieurs<\/strong> : Plusieurs \u00e9coles d&rsquo;ing\u00e9nieurs proposent des admissions parall\u00e8les apr\u00e8s un BTS ou un DUT. Par exemple, tu pourrais postuler \u00e0 des \u00e9coles comme l\u2019ENI, l\u2019ESIEA, ou l\u2019INSA, en passant par un concours ou sur dossier.<\/p><\/li><\/ul>\t\t\t\t\t\t\t\t<\/div>\n\t\t\t\t<\/div>\n\t\t\t\t\t<\/div>\n\t\t\t\t<\/div>\n\t\t<div class=\"elementor-element elementor-element-6722fb6 e-flex e-con-boxed e-con e-parent\" data-id=\"6722fb6\" data-element_type=\"container\">\n\t\t\t\t\t<div class=\"e-con-inner\">\n\t\t\t\t<div class=\"elementor-element elementor-element-894e3db elementor-widget elementor-widget-heading\" data-id=\"894e3db\" data-element_type=\"widget\" data-widget_type=\"heading.default\">\n\t\t\t\t<div class=\"elementor-widget-container\">\n\t\t\t\t\t<h2 class=\"elementor-heading-title elementor-size-default\">Formations <\/h2>\t\t\t\t<\/div>\n\t\t\t\t<\/div>\n\t\t\t\t\t<\/div>\n\t\t\t\t<\/div>\n\t\t<div class=\"elementor-element elementor-element-572fcce e-flex e-con-boxed e-con e-parent\" data-id=\"572fcce\" data-element_type=\"container\">\n\t\t\t\t\t<div class=\"e-con-inner\">\n\t\t\t\t<div class=\"elementor-element elementor-element-a0f4402 elementor-widget elementor-widget-text-editor\" data-id=\"a0f4402\" data-element_type=\"widget\" data-widget_type=\"text-editor.default\">\n\t\t\t\t<div class=\"elementor-widget-container\">\n\t\t\t\t\t\t\t\t\t<p>Les Formations sont de bon moyens d&rsquo;approfondir ces Etudes sachant que au bout de votre formations vous optener des Certifications , des Dipl\u00f4me qui vous servironts pour votre entrer dans le monde professionnel<\/p>\t\t\t\t\t\t\t\t<\/div>\n\t\t\t\t<\/div>\n\t\t\t\t\t<\/div>\n\t\t\t\t<\/div>\n\t\t<div class=\"elementor-element elementor-element-ac49961 e-flex e-con-boxed e-con e-parent\" data-id=\"ac49961\" data-element_type=\"container\">\n\t\t\t\t\t<div class=\"e-con-inner\">\n\t\t\t\t<div class=\"elementor-element elementor-element-e059db3 elementor-widget elementor-widget-heading\" data-id=\"e059db3\" data-element_type=\"widget\" data-widget_type=\"heading.default\">\n\t\t\t\t<div class=\"elementor-widget-container\">\n\t\t\t\t\t<h2 class=\"elementor-heading-title elementor-size-default\">BUT\n<\/h2>\t\t\t\t<\/div>\n\t\t\t\t<\/div>\n\t\t\t\t\t<\/div>\n\t\t\t\t<\/div>\n\t\t<div class=\"elementor-element elementor-element-2c3acf7 e-flex e-con-boxed e-con e-parent\" data-id=\"2c3acf7\" data-element_type=\"container\">\n\t\t\t\t\t<div class=\"e-con-inner\">\n\t\t\t\t<div class=\"elementor-element elementor-element-e7d719c elementor-widget elementor-widget-text-editor\" data-id=\"e7d719c\" data-element_type=\"widget\" data-widget_type=\"text-editor.default\">\n\t\t\t\t<div class=\"elementor-widget-container\">\n\t\t\t\t\t\t\t\t\t<p>Une poursuite en <strong data-start=\"1116\" data-end=\"1136\">BUT Informatique<\/strong> ou <strong data-start=\"1140\" data-end=\"1177\">BUT R\u00e9seaux et T\u00e9l\u00e9communications<\/strong> est possible en int\u00e9grant en 2e ou 3e ann\u00e9e selon les \u00e9tablissements.<\/p>\t\t\t\t\t\t\t\t<\/div>\n\t\t\t\t<\/div>\n\t\t\t\t\t<\/div>\n\t\t\t\t<\/div>\n\t\t\t\t<\/div>\n\t\t","protected":false},"excerpt":{"rendered":"<p>Cette page est d\u00e9dier aux diff\u00e9rentes \u00e9tudes possible apr\u00e8s l&rsquo;obtention de se BTS Pour la plus part apr\u00e8s le BTS parts chercher du travailler . Mais pour tout se quine veulent pas s&rsquo;arr\u00eater apr\u00e8s \u00eatre arriver aussi loin dans vos \u00e9tudes . Ici est votre point de d\u00e9part peut-\u00eatre vers de nouveau horizon ! Licences [&hellip;]<\/p>\n","protected":false},"author":1,"featured_media":0,"parent":0,"menu_order":0,"comment_status":"closed","ping_status":"closed","template":"","meta":{"om_disable_all_campaigns":false,"_monsterinsights_skip_tracking":false,"_monsterinsights_sitenote_active":false,"_monsterinsights_sitenote_note":"","_monsterinsights_sitenote_category":0,"_glsr_average":0,"_glsr_ranking":0,"_glsr_reviews":0,"footnotes":""},"class_list":["post-1746","page","type-page","status-publish","hentry"],"aioseo_notices":[],"_links":{"self":[{"href":"https:\/\/btssioclm.ddec.pf\/index.php?rest_route=\/wp\/v2\/pages\/1746","targetHints":{"allow":["GET"]}}],"collection":[{"href":"https:\/\/btssioclm.ddec.pf\/index.php?rest_route=\/wp\/v2\/pages"}],"about":[{"href":"https:\/\/btssioclm.ddec.pf\/index.php?rest_route=\/wp\/v2\/types\/page"}],"author":[{"embeddable":true,"href":"https:\/\/btssioclm.ddec.pf\/index.php?rest_route=\/wp\/v2\/users\/1"}],"replies":[{"embeddable":true,"href":"https:\/\/btssioclm.ddec.pf\/index.php?rest_route=%2Fwp%2Fv2%2Fcomments&post=1746"}],"version-history":[{"count":13,"href":"https:\/\/btssioclm.ddec.pf\/index.php?rest_route=\/wp\/v2\/pages\/1746\/revisions"}],"predecessor-version":[{"id":1832,"href":"https:\/\/btssioclm.ddec.pf\/index.php?rest_route=\/wp\/v2\/pages\/1746\/revisions\/1832"}],"wp:attachment":[{"href":"https:\/\/btssioclm.ddec.pf\/index.php?rest_route=%2Fwp%2Fv2%2Fmedia&parent=1746"}],"curies":[{"name":"wp","href":"https:\/\/api.w.org\/{rel}","templated":true}]}}