{"id":27,"date":"2025-04-14T23:35:13","date_gmt":"2025-04-14T23:35:13","guid":{"rendered":"https:\/\/btssioclm.ddec.pf\/?page_id=27"},"modified":"2025-09-23T13:15:18","modified_gmt":"2025-09-23T23:15:18","slug":"extra-scolaire","status":"publish","type":"page","link":"https:\/\/btssioclm.ddec.pf\/?page_id=27","title":{"rendered":"Extra-scolaire"},"content":{"rendered":"\t\t<div data-elementor-type=\"wp-page\" data-elementor-id=\"27\" class=\"elementor elementor-27\" data-elementor-post-type=\"page\">\n\t\t\t\t<div class=\"elementor-element elementor-element-484d339 e-flex e-con-boxed e-con e-parent\" data-id=\"484d339\" data-element_type=\"container\">\n\t\t\t\t\t<div class=\"e-con-inner\">\n\t\t\t\t<div class=\"elementor-element elementor-element-a256532 elementor-absolute elementor-widget elementor-widget-image\" data-id=\"a256532\" data-element_type=\"widget\" data-settings=\"{&quot;_position&quot;:&quot;absolute&quot;}\" data-widget_type=\"image.default\">\n\t\t\t\t<div class=\"elementor-widget-container\">\n\t\t\t\t\t\t\t\t\t\t\t\t\t\t\t<img fetchpriority=\"high\" decoding=\"async\" width=\"1024\" height=\"768\" src=\"https:\/\/btssioclm.ddec.pf\/wp-content\/uploads\/2025\/04\/FB_IMG_1744673379552-1024x768.jpg\" class=\"attachment-large size-large wp-image-1102\" alt=\"\" srcset=\"https:\/\/btssioclm.ddec.pf\/wp-content\/uploads\/2025\/04\/FB_IMG_1744673379552-1024x768.jpg 1024w, https:\/\/btssioclm.ddec.pf\/wp-content\/uploads\/2025\/04\/FB_IMG_1744673379552-300x225.jpg 300w, https:\/\/btssioclm.ddec.pf\/wp-content\/uploads\/2025\/04\/FB_IMG_1744673379552-768x576.jpg 768w, https:\/\/btssioclm.ddec.pf\/wp-content\/uploads\/2025\/04\/FB_IMG_1744673379552.jpg 1080w\" sizes=\"(max-width: 1024px) 100vw, 1024px\" \/>\t\t\t\t\t\t\t\t\t\t\t\t\t\t\t<\/div>\n\t\t\t\t<\/div>\n\t\t\t\t\t<\/div>\n\t\t\t\t<\/div>\n\t\t<div class=\"elementor-element elementor-element-c09c9ba e-flex e-con-boxed e-con e-parent\" data-id=\"c09c9ba\" data-element_type=\"container\">\n\t\t\t\t\t<div class=\"e-con-inner\">\n\t\t\t\t<div class=\"elementor-element elementor-element-7bc6889 elementor-absolute elementor-widget elementor-widget-text-editor\" data-id=\"7bc6889\" data-element_type=\"widget\" data-settings=\"{&quot;_position&quot;:&quot;absolute&quot;}\" data-widget_type=\"text-editor.default\">\n\t\t\t\t<div class=\"elementor-widget-container\">\n\t\t\t\t\t\t\t\t\t<p>Nous avons eu la chance, en tant qu\u2019\u00e9tudiants du BTS SIO (Services Informatiques aux Organisations) du Coll\u00e8ge-Lyc\u00e9e La Mennais, de visiter la Polyn\u00e9sien Factory et de d\u00e9couvrir PRISM, l\u2019incubateur de la CCISM qui accompagne les startups du Fenua.<\/p>\t\t\t\t\t\t\t\t<\/div>\n\t\t\t\t<\/div>\n\t\t\t\t\t<\/div>\n\t\t\t\t<\/div>\n\t\t<div class=\"elementor-element elementor-element-332857b e-flex e-con-boxed e-con e-parent\" data-id=\"332857b\" data-element_type=\"container\">\n\t\t\t\t\t<div class=\"e-con-inner\">\n\t\t\t\t<div class=\"elementor-element elementor-element-58dfe3f elementor-widget elementor-widget-spacer\" data-id=\"58dfe3f\" data-element_type=\"widget\" data-widget_type=\"spacer.default\">\n\t\t\t\t<div class=\"elementor-widget-container\">\n\t\t\t\t\t\t\t<div class=\"elementor-spacer\">\n\t\t\t<div class=\"elementor-spacer-inner\"><\/div>\n\t\t<\/div>\n\t\t\t\t\t\t<\/div>\n\t\t\t\t<\/div>\n\t\t\t\t\t<\/div>\n\t\t\t\t<\/div>\n\t\t<div class=\"elementor-element elementor-element-6523d81 e-flex e-con-boxed e-con e-parent\" data-id=\"6523d81\" data-element_type=\"container\">\n\t\t\t\t\t<div class=\"e-con-inner\">\n\t\t\t\t<div class=\"elementor-element elementor-element-8618f17 elementor-widget elementor-widget-spacer\" data-id=\"8618f17\" data-element_type=\"widget\" data-widget_type=\"spacer.default\">\n\t\t\t\t<div class=\"elementor-widget-container\">\n\t\t\t\t\t\t\t<div class=\"elementor-spacer\">\n\t\t\t<div class=\"elementor-spacer-inner\"><\/div>\n\t\t<\/div>\n\t\t\t\t\t\t<\/div>\n\t\t\t\t<\/div>\n\t\t\t\t\t<\/div>\n\t\t\t\t<\/div>\n\t\t<div class=\"elementor-element elementor-element-b670bea e-flex e-con-boxed e-con e-parent\" data-id=\"b670bea\" data-element_type=\"container\">\n\t\t\t\t\t<div class=\"e-con-inner\">\n\t\t\t\t<div class=\"elementor-element elementor-element-a0a3432 elementor-widget elementor-widget-spacer\" data-id=\"a0a3432\" data-element_type=\"widget\" data-widget_type=\"spacer.default\">\n\t\t\t\t<div class=\"elementor-widget-container\">\n\t\t\t\t\t\t\t<div class=\"elementor-spacer\">\n\t\t\t<div class=\"elementor-spacer-inner\"><\/div>\n\t\t<\/div>\n\t\t\t\t\t\t<\/div>\n\t\t\t\t<\/div>\n\t\t\t\t\t<\/div>\n\t\t\t\t<\/div>\n\t\t<div class=\"elementor-element elementor-element-63180f7 e-flex e-con-boxed e-con e-parent\" data-id=\"63180f7\" data-element_type=\"container\">\n\t\t\t\t\t<div class=\"e-con-inner\">\n\t\t\t\t<div class=\"elementor-element elementor-element-f713a4a elementor-absolute elementor-widget elementor-widget-text-editor\" data-id=\"f713a4a\" data-element_type=\"widget\" data-settings=\"{&quot;_position&quot;:&quot;absolute&quot;}\" data-widget_type=\"text-editor.default\">\n\t\t\t\t<div class=\"elementor-widget-container\">\n\t\t\t\t\t\t\t\t\t<p><span style=\"text-decoration: underline;\"><strong>1\/les BTS SIO du CLM, en immersion dans l\u2019univers startup avec PRISM.<\/strong><\/span><\/p>\t\t\t\t\t\t\t\t<\/div>\n\t\t\t\t<\/div>\n\t\t\t\t\t<\/div>\n\t\t\t\t<\/div>\n\t\t<div class=\"elementor-element elementor-element-bc3552f e-flex e-con-boxed e-con e-parent\" data-id=\"bc3552f\" data-element_type=\"container\">\n\t\t\t\t\t<div class=\"e-con-inner\">\n\t\t\t\t<div class=\"elementor-element elementor-element-4346c63 elementor-absolute elementor-widget elementor-widget-text-editor\" data-id=\"4346c63\" data-element_type=\"widget\" data-settings=\"{&quot;_position&quot;:&quot;absolute&quot;}\" data-widget_type=\"text-editor.default\">\n\t\t\t\t<div class=\"elementor-widget-container\">\n\t\t\t\t\t\t\t\t\t<p>Polyensian factory : <em>L\u2019objectif, c\u2019est de d\u00e9velopper l\u2019\u00e9cosyst\u00e8me, de d\u00e9velopper des emplois, \u00e0 la fois dans le secteur de l\u2019innovation et du num\u00e9rique<\/em><\/p><p data-pm-slice=\"1 1 []\">Lieu de maturation, les incubateurs ont pour objectif de transformer une id\u00e9e innovante en entreprise concr\u00e8te et performante. Les jeunes porteurs de projet qui int\u00e8grent un incubateur vont ainsi b\u00e9n\u00e9ficier d&rsquo;un certain nombre d&rsquo;outils et services pour d\u00e9velopper leur projet : Une aide \u00e0 la recherche de financement.<\/p>\t\t\t\t\t\t\t\t<\/div>\n\t\t\t\t<\/div>\n\t\t\t\t\t<\/div>\n\t\t\t\t<\/div>\n\t\t<div class=\"elementor-element elementor-element-1d2f05a e-flex e-con-boxed e-con e-parent\" data-id=\"1d2f05a\" data-element_type=\"container\">\n\t\t\t\t\t<div class=\"e-con-inner\">\n\t\t\t\t<div class=\"elementor-element elementor-element-eb7b2da elementor-absolute elementor-widget elementor-widget-image\" data-id=\"eb7b2da\" data-element_type=\"widget\" data-settings=\"{&quot;_position&quot;:&quot;absolute&quot;}\" data-widget_type=\"image.default\">\n\t\t\t\t<div class=\"elementor-widget-container\">\n\t\t\t\t\t\t\t\t\t\t\t\t\t\t\t<img decoding=\"async\" width=\"1024\" height=\"472\" src=\"https:\/\/btssioclm.ddec.pf\/wp-content\/uploads\/2025\/04\/20250213_124316-1024x472.jpg\" class=\"attachment-large size-large wp-image-1486\" alt=\"\" srcset=\"https:\/\/btssioclm.ddec.pf\/wp-content\/uploads\/2025\/04\/20250213_124316-1024x472.jpg 1024w, https:\/\/btssioclm.ddec.pf\/wp-content\/uploads\/2025\/04\/20250213_124316-300x138.jpg 300w, https:\/\/btssioclm.ddec.pf\/wp-content\/uploads\/2025\/04\/20250213_124316-768x354.jpg 768w, https:\/\/btssioclm.ddec.pf\/wp-content\/uploads\/2025\/04\/20250213_124316-1536x708.jpg 1536w, https:\/\/btssioclm.ddec.pf\/wp-content\/uploads\/2025\/04\/20250213_124316-2048x944.jpg 2048w\" sizes=\"(max-width: 1024px) 100vw, 1024px\" \/>\t\t\t\t\t\t\t\t\t\t\t\t\t\t\t<\/div>\n\t\t\t\t<\/div>\n\t\t\t\t\t<\/div>\n\t\t\t\t<\/div>\n\t\t<div class=\"elementor-element elementor-element-fd86f85 e-flex e-con-boxed e-con e-parent\" data-id=\"fd86f85\" data-element_type=\"container\">\n\t\t\t\t\t<div class=\"e-con-inner\">\n\t\t\t\t<div class=\"elementor-element elementor-element-6a7cb2f elementor-absolute elementor-widget elementor-widget-text-editor\" data-id=\"6a7cb2f\" data-element_type=\"widget\" data-settings=\"{&quot;_position&quot;:&quot;absolute&quot;}\" data-widget_type=\"text-editor.default\">\n\t\t\t\t<div class=\"elementor-widget-container\">\n\t\t\t\t\t\t\t\t\t<p class=\"\" data-start=\"92\" data-end=\"375\">Nous avons eu l&rsquo;opportunit\u00e9 de visiter la base marine de Tahiti.<br data-start=\"156\" data-end=\"159\" \/>Au cours de cette visite, nous avons d\u00e9couvert les diff\u00e9rents corps de m\u00e9tier pr\u00e9sents sur la base, ce qui nous a permis de mieux comprendre leur r\u00f4le et leur importance dans le fonctionnement quotidien de la marine.<\/p>\t\t\t\t\t\t\t\t<\/div>\n\t\t\t\t<\/div>\n\t\t\t\t\t<\/div>\n\t\t\t\t<\/div>\n\t\t<div class=\"elementor-element elementor-element-d9758c1 e-flex e-con-boxed e-con e-parent\" data-id=\"d9758c1\" data-element_type=\"container\">\n\t\t\t\t\t<div class=\"e-con-inner\">\n\t\t\t\t<div class=\"elementor-element elementor-element-7c697bc elementor-widget elementor-widget-spacer\" data-id=\"7c697bc\" data-element_type=\"widget\" data-widget_type=\"spacer.default\">\n\t\t\t\t<div class=\"elementor-widget-container\">\n\t\t\t\t\t\t\t<div class=\"elementor-spacer\">\n\t\t\t<div class=\"elementor-spacer-inner\"><\/div>\n\t\t<\/div>\n\t\t\t\t\t\t<\/div>\n\t\t\t\t<\/div>\n\t\t\t\t\t<\/div>\n\t\t\t\t<\/div>\n\t\t<div class=\"elementor-element elementor-element-3409232 e-flex e-con-boxed e-con e-parent\" data-id=\"3409232\" data-element_type=\"container\">\n\t\t\t\t\t<div class=\"e-con-inner\">\n\t\t\t\t<div class=\"elementor-element elementor-element-2ce088c elementor-widget elementor-widget-spacer\" data-id=\"2ce088c\" data-element_type=\"widget\" data-widget_type=\"spacer.default\">\n\t\t\t\t<div class=\"elementor-widget-container\">\n\t\t\t\t\t\t\t<div class=\"elementor-spacer\">\n\t\t\t<div class=\"elementor-spacer-inner\"><\/div>\n\t\t<\/div>\n\t\t\t\t\t\t<\/div>\n\t\t\t\t<\/div>\n\t\t\t\t\t<\/div>\n\t\t\t\t<\/div>\n\t\t<div class=\"elementor-element elementor-element-39080ee e-flex e-con-boxed e-con e-parent\" data-id=\"39080ee\" data-element_type=\"container\">\n\t\t\t\t\t<div class=\"e-con-inner\">\n\t\t\t\t<div class=\"elementor-element elementor-element-18f3bfa elementor-absolute elementor-widget-divider--view-line elementor-widget elementor-widget-divider\" data-id=\"18f3bfa\" data-element_type=\"widget\" data-settings=\"{&quot;_position&quot;:&quot;absolute&quot;}\" data-widget_type=\"divider.default\">\n\t\t\t\t<div class=\"elementor-widget-container\">\n\t\t\t\t\t\t\t<div class=\"elementor-divider\">\n\t\t\t<span class=\"elementor-divider-separator\">\n\t\t\t\t\t\t<\/span>\n\t\t<\/div>\n\t\t\t\t\t\t<\/div>\n\t\t\t\t<\/div>\n\t\t\t\t<div class=\"elementor-element elementor-element-2224f26 elementor-absolute elementor-widget-divider--view-line elementor-widget elementor-widget-divider\" data-id=\"2224f26\" data-element_type=\"widget\" data-settings=\"{&quot;_position&quot;:&quot;absolute&quot;}\" data-widget_type=\"divider.default\">\n\t\t\t\t<div class=\"elementor-widget-container\">\n\t\t\t\t\t\t\t<div class=\"elementor-divider\">\n\t\t\t<span class=\"elementor-divider-separator\">\n\t\t\t\t\t\t<\/span>\n\t\t<\/div>\n\t\t\t\t\t\t<\/div>\n\t\t\t\t<\/div>\n\t\t\t\t<div class=\"elementor-element elementor-element-fe3b59e elementor-widget elementor-widget-spacer\" data-id=\"fe3b59e\" data-element_type=\"widget\" data-widget_type=\"spacer.default\">\n\t\t\t\t<div class=\"elementor-widget-container\">\n\t\t\t\t\t\t\t<div class=\"elementor-spacer\">\n\t\t\t<div class=\"elementor-spacer-inner\"><\/div>\n\t\t<\/div>\n\t\t\t\t\t\t<\/div>\n\t\t\t\t<\/div>\n\t\t\t\t\t<\/div>\n\t\t\t\t<\/div>\n\t\t<div class=\"elementor-element elementor-element-d36bd12 e-flex e-con-boxed e-con e-parent\" data-id=\"d36bd12\" data-element_type=\"container\">\n\t\t\t\t\t<div class=\"e-con-inner\">\n\t\t\t\t<div class=\"elementor-element elementor-element-14e5046 elementor-widget elementor-widget-spacer\" data-id=\"14e5046\" data-element_type=\"widget\" data-widget_type=\"spacer.default\">\n\t\t\t\t<div class=\"elementor-widget-container\">\n\t\t\t\t\t\t\t<div class=\"elementor-spacer\">\n\t\t\t<div class=\"elementor-spacer-inner\"><\/div>\n\t\t<\/div>\n\t\t\t\t\t\t<\/div>\n\t\t\t\t<\/div>\n\t\t\t\t\t<\/div>\n\t\t\t\t<\/div>\n\t\t<div class=\"elementor-element elementor-element-1e46dc1 e-flex e-con-boxed e-con e-parent\" data-id=\"1e46dc1\" data-element_type=\"container\">\n\t\t\t\t\t<div class=\"e-con-inner\">\n\t\t\t\t<div class=\"elementor-element elementor-element-1c1da52 elementor-absolute elementor-widget-divider--view-line elementor-widget elementor-widget-divider\" data-id=\"1c1da52\" data-element_type=\"widget\" data-settings=\"{&quot;_position&quot;:&quot;absolute&quot;}\" data-widget_type=\"divider.default\">\n\t\t\t\t<div class=\"elementor-widget-container\">\n\t\t\t\t\t\t\t<div class=\"elementor-divider\">\n\t\t\t<span class=\"elementor-divider-separator\">\n\t\t\t\t\t\t<\/span>\n\t\t<\/div>\n\t\t\t\t\t\t<\/div>\n\t\t\t\t<\/div>\n\t\t\t\t\t<\/div>\n\t\t\t\t<\/div>\n\t\t<div class=\"elementor-element elementor-element-4773487 e-flex e-con-boxed e-con e-parent\" data-id=\"4773487\" data-element_type=\"container\">\n\t\t\t\t\t<div class=\"e-con-inner\">\n\t\t\t\t<div class=\"elementor-element elementor-element-f900514 elementor-absolute elementor-widget elementor-widget-text-editor\" data-id=\"f900514\" data-element_type=\"widget\" data-settings=\"{&quot;_position&quot;:&quot;absolute&quot;}\" data-widget_type=\"text-editor.default\">\n\t\t\t\t<div class=\"elementor-widget-container\">\n\t\t\t\t\t\t\t\t\t<p><span style=\"text-decoration: underline;\"><strong>2\/les BTS SIO du CLM, en immersion \u00e0 la base navale.<\/strong><\/span><\/p>\t\t\t\t\t\t\t\t<\/div>\n\t\t\t\t<\/div>\n\t\t\t\t\t<\/div>\n\t\t\t\t<\/div>\n\t\t\t\t<\/div>\n\t\t","protected":false},"excerpt":{"rendered":"<p>Nous avons eu la chance, en tant qu\u2019\u00e9tudiants du BTS SIO (Services Informatiques aux Organisations) du Coll\u00e8ge-Lyc\u00e9e La Mennais, de visiter la Polyn\u00e9sien Factory et de d\u00e9couvrir PRISM, l\u2019incubateur de la CCISM qui accompagne les startups du Fenua. 1\/les BTS SIO du CLM, en immersion dans l\u2019univers startup avec PRISM. Polyensian factory : L\u2019objectif, c\u2019est [&hellip;]<\/p>\n","protected":false},"author":1,"featured_media":0,"parent":0,"menu_order":0,"comment_status":"closed","ping_status":"closed","template":"","meta":{"om_disable_all_campaigns":false,"_monsterinsights_skip_tracking":false,"_monsterinsights_sitenote_active":false,"_monsterinsights_sitenote_note":"","_monsterinsights_sitenote_category":0,"_glsr_average":0,"_glsr_ranking":0,"_glsr_reviews":0,"footnotes":""},"class_list":["post-27","page","type-page","status-publish","hentry"],"aioseo_notices":[],"_links":{"self":[{"href":"https:\/\/btssioclm.ddec.pf\/index.php?rest_route=\/wp\/v2\/pages\/27","targetHints":{"allow":["GET"]}}],"collection":[{"href":"https:\/\/btssioclm.ddec.pf\/index.php?rest_route=\/wp\/v2\/pages"}],"about":[{"href":"https:\/\/btssioclm.ddec.pf\/index.php?rest_route=\/wp\/v2\/types\/page"}],"author":[{"embeddable":true,"href":"https:\/\/btssioclm.ddec.pf\/index.php?rest_route=\/wp\/v2\/users\/1"}],"replies":[{"embeddable":true,"href":"https:\/\/btssioclm.ddec.pf\/index.php?rest_route=%2Fwp%2Fv2%2Fcomments&post=27"}],"version-history":[{"count":33,"href":"https:\/\/btssioclm.ddec.pf\/index.php?rest_route=\/wp\/v2\/pages\/27\/revisions"}],"predecessor-version":[{"id":2287,"href":"https:\/\/btssioclm.ddec.pf\/index.php?rest_route=\/wp\/v2\/pages\/27\/revisions\/2287"}],"wp:attachment":[{"href":"https:\/\/btssioclm.ddec.pf\/index.php?rest_route=%2Fwp%2Fv2%2Fmedia&parent=27"}],"curies":[{"name":"wp","href":"https:\/\/api.w.org\/{rel}","templated":true}]}}