{"id":48,"date":"2025-03-24T20:32:05","date_gmt":"2025-03-24T20:32:05","guid":{"rendered":"https:\/\/btssioclm.ddec.pf\/?page_id=48"},"modified":"2025-04-28T21:14:07","modified_gmt":"2025-04-28T21:14:07","slug":"cookies","status":"publish","type":"page","link":"https:\/\/btssioclm.ddec.pf\/?page_id=48","title":{"rendered":"Cookies"},"content":{"rendered":"\t\t<div data-elementor-type=\"wp-page\" data-elementor-id=\"48\" class=\"elementor elementor-48\" data-elementor-post-type=\"page\">\n\t\t\t\t<div class=\"elementor-element elementor-element-90e8161 e-flex e-con-boxed e-con e-parent\" data-id=\"90e8161\" data-element_type=\"container\">\n\t\t\t\t\t<div class=\"e-con-inner\">\n\t\t\t\t<div class=\"elementor-element elementor-element-6991df0 elementor-widget elementor-widget-image\" data-id=\"6991df0\" data-element_type=\"widget\" data-settings=\"{&quot;motion_fx_motion_fx_scrolling&quot;:&quot;yes&quot;,&quot;motion_fx_translateY_effect&quot;:&quot;yes&quot;,&quot;motion_fx_translateY_speed&quot;:{&quot;unit&quot;:&quot;px&quot;,&quot;size&quot;:0.7,&quot;sizes&quot;:[]},&quot;motion_fx_opacity_effect&quot;:&quot;yes&quot;,&quot;motion_fx_opacity_level&quot;:{&quot;unit&quot;:&quot;px&quot;,&quot;size&quot;:7,&quot;sizes&quot;:[]},&quot;motion_fx_translateY_affectedRange&quot;:{&quot;unit&quot;:&quot;%&quot;,&quot;size&quot;:&quot;&quot;,&quot;sizes&quot;:{&quot;start&quot;:0,&quot;end&quot;:100}},&quot;motion_fx_opacity_direction&quot;:&quot;out-in&quot;,&quot;motion_fx_opacity_range&quot;:{&quot;unit&quot;:&quot;%&quot;,&quot;size&quot;:&quot;&quot;,&quot;sizes&quot;:{&quot;start&quot;:20,&quot;end&quot;:80}},&quot;motion_fx_devices&quot;:[&quot;desktop&quot;,&quot;tablet&quot;,&quot;mobile&quot;]}\" data-widget_type=\"image.default\">\n\t\t\t\t<div class=\"elementor-widget-container\">\n\t\t\t\t\t\t\t\t\t\t\t\t\t\t\t<img decoding=\"async\" src=\"https:\/\/btssioclm.ddec.pf\/wp-content\/uploads\/elementor\/thumbs\/Design-sans-titre-r3cl2lpswpnnx7ee9e7k0w6f52iame6wumqoz53h2o.png\" title=\"Design sans titre\" alt=\"Design sans titre\" loading=\"lazy\" \/>\t\t\t\t\t\t\t\t\t\t\t\t\t\t\t<\/div>\n\t\t\t\t<\/div>\n\t\t\t\t\t<\/div>\n\t\t\t\t<\/div>\n\t\t<div class=\"elementor-element elementor-element-79d2088 e-flex e-con-boxed e-con e-parent\" data-id=\"79d2088\" data-element_type=\"container\">\n\t\t\t\t\t<div class=\"e-con-inner\">\n\t\t\t\t<div class=\"elementor-element elementor-element-0d5d907 elementor-widget elementor-widget-text-editor\" data-id=\"0d5d907\" data-element_type=\"widget\" data-widget_type=\"text-editor.default\">\n\t\t\t\t<div class=\"elementor-widget-container\">\n\t\t\t\t\t\t\t\t\t<p><span style=\"color: #000000;\">Ces cookies nous permettent de d\u00e9terminer le nombre de visites et sources de trafic sur notre site web, afin d&rsquo;en assurer et d&rsquo;am\u00e9liorer ses performances. Ils nous aident \u00e0 comprendre quelles sont les plus ou les moins visit\u00e9es et \u00e0 analyser la mani\u00e8re dont les visiteurs naviguent sur le site. Toutes les informations collect\u00e9es par ces cookies sont agr\u00e9g\u00e9es et donc anonymes. Si vous n&rsquo;autorisez pas ces cookies, nous ne pourrons pas suivre votre activit\u00e9 sur notre site ni mesurer ses performances de mani\u00e8re aussi pr\u00e9cise.<\/span><\/p>\t\t\t\t\t\t\t\t<\/div>\n\t\t\t\t<\/div>\n\t\t\t\t\t<\/div>\n\t\t\t\t<\/div>\n\t\t<div class=\"elementor-element elementor-element-78df503 e-flex e-con-boxed e-con e-parent\" data-id=\"78df503\" data-element_type=\"container\">\n\t\t\t\t\t<div class=\"e-con-inner\">\n\t\t\t\t<div class=\"elementor-element elementor-element-5420d48 elementor-widget elementor-widget-html\" data-id=\"5420d48\" data-element_type=\"widget\" data-widget_type=\"html.default\">\n\t\t\t\t<div class=\"elementor-widget-container\">\n\t\t\t\t\t<!DOCTYPE html>\r\n<html lang=\"fr\">\r\n<head>\r\n    <meta charset=\"UTF-8\">\r\n    <meta name=\"viewport\" content=\"width=device-width, initial-scale=1.0\">\r\n    <title>Consentement aux Cookies<\/title>\r\n    <style>\r\n        \/* Styles de la banni\u00e8re *\/\r\n        #cookie-banner, #preferences-modal {\r\n            position: fixed;\r\n            bottom: 0;\r\n            left: 0;\r\n            width: 100%;\r\n            background: rgba(0, 0, 0, 0.85);\r\n            color: white;\r\n            padding: 15px;\r\n            text-align: center;\r\n            display: none;\r\n            z-index: 1000;\r\n            font-size: 16px;\r\n        }\r\n\r\n        \/* Styles du panneau de pr\u00e9f\u00e9rences *\/\r\n        #preferences-modal {\r\n            position: fixed;\r\n            bottom: auto;\r\n            top: 50%;\r\n            left: 50%;\r\n            transform: translate(-50%, -50%);\r\n            width: 90%;\r\n            max-width: 400px;\r\n            padding: 20px;\r\n            background: white;\r\n            color: black;\r\n            border-radius: 10px;\r\n            text-align: left;\r\n            box-shadow: 0px 0px 15px rgba(0, 0, 0, 0.3);\r\n            display: none;\r\n        }\r\n\r\n        \/* Boutons stylis\u00e9s *\/\r\n        .cookie-btn {\r\n            margin: 5px;\r\n            padding: 10px 15px;\r\n            border: none;\r\n            cursor: pointer;\r\n            border-radius: 5px;\r\n            font-size: 14px;\r\n            font-weight: bold;\r\n        }\r\n\r\n        .accept-btn { background: green; color: white; }\r\n        .decline-btn { background: red; color: white; }\r\n        .preferences-btn { background: orange; color: white; }\r\n\r\n        #preferences-modal label {\r\n            display: block;\r\n            margin: 8px 0;\r\n            font-size: 14px;\r\n        }\r\n    <\/style>\r\n<\/head>\r\n<body>\r\n\r\n    <!-- Banni\u00e8re de consentement -->\r\n    <div id=\"cookie-banner\">\r\n        <p>Ce site utilise des cookies pour am\u00e9liorer votre exp\u00e9rience.<\/p>\r\n        <button class=\"cookie-btn accept-btn\" onclick=\"acceptCookies(true)\">Accepter<\/button>\r\n        <button class=\"cookie-btn decline-btn\" onclick=\"acceptCookies(false)\">Refuser<\/button>\r\n        <button class=\"cookie-btn preferences-btn\" onclick=\"showPreferences()\">Mes pr\u00e9f\u00e9rences<\/button>\r\n    <\/div>\r\n\r\n    <!-- Panneau des pr\u00e9f\u00e9rences -->\r\n    <div id=\"preferences-modal\">\r\n        <h3>Param\u00e8tres des cookies<\/h3>\r\n        <label><input type=\"checkbox\" id=\"essential-cookies\" disabled checked> Cookies essentiels (obligatoires)<\/label><br>\r\n        <label><input type=\"checkbox\" id=\"analytics-cookies\"> Cookies analytiques<\/label><br>\r\n        <label><input type=\"checkbox\" id=\"ads-cookies\"> Cookies publicitaires<\/label><br><br>\r\n        <button class=\"cookie-btn accept-btn\" onclick=\"savePreferences()\">Enregistrer<\/button>\r\n        <button class=\"cookie-btn decline-btn\" onclick=\"closePreferences()\">Annuler<\/button>\r\n    <\/div>\r\n\r\n    <script>\r\n        document.addEventListener(\"DOMContentLoaded\", function () {\r\n            \/\/ V\u00e9rifie si l'utilisateur a d\u00e9j\u00e0 donn\u00e9 son consentement\r\n            if (!localStorage.getItem(\"cookieConsent\")) {\r\n                document.getElementById(\"cookie-banner\").style.display = \"block\";\r\n            }\r\n        });\r\n\r\n        function acceptCookies(consent) {\r\n            localStorage.setItem(\"cookieConsent\", consent ? \"accepted\" : \"declined\");\r\n            localStorage.setItem(\"analyticsCookies\", consent);\r\n            localStorage.setItem(\"adsCookies\", consent);\r\n            document.getElementById(\"cookie-banner\").style.display = \"none\";\r\n        }\r\n\r\n        function showPreferences() {\r\n            document.getElementById(\"preferences-modal\").style.display = \"block\";\r\n        }\r\n\r\n        function closePreferences() {\r\n            document.getElementById(\"preferences-modal\").style.display = \"none\";\r\n        }\r\n\r\n        function savePreferences() {\r\n            localStorage.setItem(\"cookieConsent\", \"custom\");\r\n            localStorage.setItem(\"analyticsCookies\", document.getElementById(\"analytics-cookies\").checked);\r\n            localStorage.setItem(\"adsCookies\", document.getElementById(\"ads-cookies\").checked);\r\n            closePreferences();\r\n            document.getElementById(\"cookie-banner\").style.display = \"none\";\r\n        }\r\n    <\/script>\r\n\r\n<\/body>\r\n<\/html>\t\t\t\t<\/div>\n\t\t\t\t<\/div>\n\t\t\t\t\t<\/div>\n\t\t\t\t<\/div>\n\t\t\t\t<\/div>\n\t\t","protected":false},"excerpt":{"rendered":"<p>Ces cookies nous permettent de d\u00e9terminer le nombre de visites et sources de trafic sur notre site web, afin d&rsquo;en assurer et d&rsquo;am\u00e9liorer ses performances. Ils nous aident \u00e0 comprendre quelles sont les plus ou les moins visit\u00e9es et \u00e0 analyser la mani\u00e8re dont les visiteurs naviguent sur le site. Toutes les informations collect\u00e9es par [&hellip;]<\/p>\n","protected":false},"author":1,"featured_media":0,"parent":0,"menu_order":0,"comment_status":"closed","ping_status":"closed","template":"","meta":{"om_disable_all_campaigns":false,"_monsterinsights_skip_tracking":false,"_monsterinsights_sitenote_active":false,"_monsterinsights_sitenote_note":"","_monsterinsights_sitenote_category":0,"_glsr_average":0,"_glsr_ranking":0,"_glsr_reviews":0,"footnotes":""},"class_list":["post-48","page","type-page","status-publish","hentry"],"aioseo_notices":[],"_links":{"self":[{"href":"https:\/\/btssioclm.ddec.pf\/index.php?rest_route=\/wp\/v2\/pages\/48","targetHints":{"allow":["GET"]}}],"collection":[{"href":"https:\/\/btssioclm.ddec.pf\/index.php?rest_route=\/wp\/v2\/pages"}],"about":[{"href":"https:\/\/btssioclm.ddec.pf\/index.php?rest_route=\/wp\/v2\/types\/page"}],"author":[{"embeddable":true,"href":"https:\/\/btssioclm.ddec.pf\/index.php?rest_route=\/wp\/v2\/users\/1"}],"replies":[{"embeddable":true,"href":"https:\/\/btssioclm.ddec.pf\/index.php?rest_route=%2Fwp%2Fv2%2Fcomments&post=48"}],"version-history":[{"count":73,"href":"https:\/\/btssioclm.ddec.pf\/index.php?rest_route=\/wp\/v2\/pages\/48\/revisions"}],"predecessor-version":[{"id":1666,"href":"https:\/\/btssioclm.ddec.pf\/index.php?rest_route=\/wp\/v2\/pages\/48\/revisions\/1666"}],"wp:attachment":[{"href":"https:\/\/btssioclm.ddec.pf\/index.php?rest_route=%2Fwp%2Fv2%2Fmedia&parent=48"}],"curies":[{"name":"wp","href":"https:\/\/api.w.org\/{rel}","templated":true}]}}