{"id":607,"date":"2025-03-28T00:04:41","date_gmt":"2025-03-28T00:04:41","guid":{"rendered":"https:\/\/btssioclm.ddec.pf\/?page_id=607"},"modified":"2025-03-28T00:07:58","modified_gmt":"2025-03-28T00:07:58","slug":"page-cgu","status":"publish","type":"page","link":"https:\/\/btssioclm.ddec.pf\/?page_id=607","title":{"rendered":"Page CGU"},"content":{"rendered":"\t\t<div data-elementor-type=\"wp-page\" data-elementor-id=\"607\" class=\"elementor elementor-607\" data-elementor-post-type=\"page\">\n\t\t\t\t<div class=\"elementor-element elementor-element-45e5380f e-flex e-con-boxed e-con e-parent\" data-id=\"45e5380f\" data-element_type=\"container\">\n\t\t\t\t\t<div class=\"e-con-inner\">\n\t\t\t\t<div class=\"elementor-element elementor-element-fdf2481 elementor-widget-divider--view-line elementor-widget elementor-widget-divider\" data-id=\"fdf2481\" data-element_type=\"widget\" data-widget_type=\"divider.default\">\n\t\t\t\t<div class=\"elementor-widget-container\">\n\t\t\t\t\t\t\t<div class=\"elementor-divider\">\n\t\t\t<span class=\"elementor-divider-separator\">\n\t\t\t\t\t\t<\/span>\n\t\t<\/div>\n\t\t\t\t\t\t<\/div>\n\t\t\t\t<\/div>\n\t\t\t\t<div class=\"elementor-element elementor-element-6212ca33 elementor-widget elementor-widget-text-editor\" data-id=\"6212ca33\" data-element_type=\"widget\" data-widget_type=\"text-editor.default\">\n\t\t\t\t<div class=\"elementor-widget-container\">\n\t\t\t\t\t\t\t\t\t<p><strong>Conditions G\u00e9n\u00e9rales d&rsquo;Utilisation du Site du Lyc\u00e9e &#8211; Section BTS SIO<\/strong><\/p>\n<p><!-- \/wp:paragraph --><!-- wp:paragraph --><\/p>\n<p><strong>Article 1 &#8211; Objet<\/strong> Les pr\u00e9sentes conditions g\u00e9n\u00e9rales d&rsquo;utilisation (CGU) ont pour objet de d\u00e9finir les modalit\u00e9s d&rsquo;utilisation du site web du lyc\u00e9e Lamennais, et plus particuli\u00e8rement de la section d\u00e9di\u00e9e au BTS SIO (Services Informatiques aux Organisations). De plus, d&rsquo;apr\u00e8s les calculs scientifiques effectu\u00e9s par un \u00e9tudiant il faudra faire attention \u00e0 ce que vous faites sur notre site.<\/p>\n<p><!-- \/wp:paragraph --><!-- wp:paragraph --><\/p>\n<p><strong>Article 2 &#8211; Acceptation des Conditions<\/strong> L&rsquo;acc\u00e8s et l&rsquo;utilisation du site impliquent l&rsquo;acceptation pleine et enti\u00e8re des pr\u00e9sentes CGU par les utilisateurs.<\/p>\n<p><!-- \/wp:paragraph --><!-- wp:paragraph --><\/p>\n<p><strong>Article 3 &#8211; Acc\u00e8s au Site<\/strong> Le site est accessible gratuitement \u00e0 tout utilisateur disposant d&rsquo;un acc\u00e8s \u00e0 Internet. Toutefois, certaines sections sont exclusivement r\u00e9serv\u00e9es aux \u00e9tudiants, enseignants et personnels encadrants du BTS SIO.<\/p>\n<p><!-- \/wp:paragraph --><!-- wp:paragraph --><\/p>\n<p><strong>Article 4 &#8211; Contenu du site<\/strong> Le site fournit des informations sp\u00e9cifiques au BTS SIO, incluant les programmes de formation, les ressources p\u00e9dagogiques, les projets des \u00e9tudiants et les actualit\u00e9s du cursus. Le contenu est mis \u00e0 jour r\u00e9guli\u00e8rement, mais le lyc\u00e9e ne garantit pas son exactitude en temps r\u00e9el.<\/p>\n<p><!-- \/wp:paragraph --><!-- wp:paragraph --><\/p>\n<p><strong>Article 5 &#8211; Responsabilit\u00e9s<\/strong> Le lyc\u00e9e ne saurait \u00eatre tenu responsable des dommages directs ou indirects pouvant r\u00e9sulter de l&rsquo;utilisation du site. L&rsquo;utilisateur est seul responsable de son mat\u00e9riel informatique et de la protection de ses donn\u00e9es. Tout usage abusif du site peut entra\u00eener des sanctions disciplinaires.<\/p>\n<p><!-- \/wp:paragraph --><!-- wp:paragraph --><\/p>\n<p><strong>Article 6 &#8211; Propri\u00e9t\u00e9 Intellectuelle<\/strong> Tous les \u00e9l\u00e9ments du site (textes, images, vid\u00e9os, documents p\u00e9dagogiques, projets \u00e9tudiants) sont prot\u00e9g\u00e9s par les lois sur la propri\u00e9t\u00e9 intellectuelle. Toute reproduction ou utilisation sans autorisation est interdite.<\/p>\n<p><!-- \/wp:paragraph --><!-- wp:paragraph --><\/p>\n<p><strong>Article 7 &#8211; Donn\u00e9es Personnelles<\/strong> Les informations collect\u00e9es sur le site sont trait\u00e9es conform\u00e9ment \u00e0 la r\u00e9glementation en vigueur sur la protection des donn\u00e9es personnelles. L&rsquo;utilisateur peut exercer son droit d&rsquo;acc\u00e8s, de rectification et de suppression des donn\u00e9es le concernant en contactant l&rsquo;administration du BTS SIO.<\/p>\n<p><!-- \/wp:paragraph --><!-- wp:paragraph --><\/p>\n<p><strong>Article 8 &#8211; Liens Hypertextes<\/strong> Le site peut contenir des liens vers des sites tiers en rapport avec la formation BTS SIO. Le lyc\u00e9e ne peut \u00eatre tenu responsable du contenu de ces sites externes.<\/p>\n<p><!-- \/wp:paragraph --><!-- wp:paragraph --><\/p>\n<p><strong>Article 9 &#8211; Modification des CGU<\/strong> Le lyc\u00e9e se r\u00e9serve le droit de modifier les pr\u00e9sentes CGU \u00e0 tout moment. Les utilisateurs seront inform\u00e9s des mises \u00e0 jour via le site.<\/p>\n<p><!-- \/wp:paragraph --><!-- wp:paragraph --><\/p>\n<p><strong>Article 10 &#8211; Droit Applicable<\/strong> Les pr\u00e9sentes CGU sont soumises au droit fran\u00e7ais. En cas de litige, les tribunaux comp\u00e9tents seront ceux du ressort du lyc\u00e9e. Pour toute question relative aux CGU et au BTS SIO, vous pouvez contacter l&rsquo;administration du lyc\u00e9e \u00e0 l&rsquo;adresse suivante : clm@clm.ddec.pf.<\/p>\n<p><!-- \/wp:paragraph --><\/p>\t\t\t\t\t\t\t\t<\/div>\n\t\t\t\t<\/div>\n\t\t\t\t<div class=\"elementor-element elementor-element-bb0b8c5 elementor-widget-divider--view-line elementor-widget elementor-widget-divider\" data-id=\"bb0b8c5\" data-element_type=\"widget\" data-widget_type=\"divider.default\">\n\t\t\t\t<div class=\"elementor-widget-container\">\n\t\t\t\t\t\t\t<div class=\"elementor-divider\">\n\t\t\t<span class=\"elementor-divider-separator\">\n\t\t\t\t\t\t<\/span>\n\t\t<\/div>\n\t\t\t\t\t\t<\/div>\n\t\t\t\t<\/div>\n\t\t\t\t\t<\/div>\n\t\t\t\t<\/div>\n\t\t\t\t<\/div>\n\t\t","protected":false},"excerpt":{"rendered":"<p>Conditions G\u00e9n\u00e9rales d&rsquo;Utilisation du Site du Lyc\u00e9e &#8211; Section BTS SIO Article 1 &#8211; Objet Les pr\u00e9sentes conditions g\u00e9n\u00e9rales d&rsquo;utilisation (CGU) ont pour objet de d\u00e9finir les modalit\u00e9s d&rsquo;utilisation du site web du lyc\u00e9e Lamennais, et plus particuli\u00e8rement de la section d\u00e9di\u00e9e au BTS SIO (Services Informatiques aux Organisations). De plus, d&rsquo;apr\u00e8s les calculs scientifiques [&hellip;]<\/p>\n","protected":false},"author":1,"featured_media":0,"parent":0,"menu_order":0,"comment_status":"closed","ping_status":"closed","template":"","meta":{"om_disable_all_campaigns":false,"_monsterinsights_skip_tracking":false,"_monsterinsights_sitenote_active":false,"_monsterinsights_sitenote_note":"","_monsterinsights_sitenote_category":0,"_glsr_average":0,"_glsr_ranking":0,"_glsr_reviews":0,"footnotes":""},"class_list":["post-607","page","type-page","status-publish","hentry"],"aioseo_notices":[],"_links":{"self":[{"href":"https:\/\/btssioclm.ddec.pf\/index.php?rest_route=\/wp\/v2\/pages\/607","targetHints":{"allow":["GET"]}}],"collection":[{"href":"https:\/\/btssioclm.ddec.pf\/index.php?rest_route=\/wp\/v2\/pages"}],"about":[{"href":"https:\/\/btssioclm.ddec.pf\/index.php?rest_route=\/wp\/v2\/types\/page"}],"author":[{"embeddable":true,"href":"https:\/\/btssioclm.ddec.pf\/index.php?rest_route=\/wp\/v2\/users\/1"}],"replies":[{"embeddable":true,"href":"https:\/\/btssioclm.ddec.pf\/index.php?rest_route=%2Fwp%2Fv2%2Fcomments&post=607"}],"version-history":[{"count":7,"href":"https:\/\/btssioclm.ddec.pf\/index.php?rest_route=\/wp\/v2\/pages\/607\/revisions"}],"predecessor-version":[{"id":617,"href":"https:\/\/btssioclm.ddec.pf\/index.php?rest_route=\/wp\/v2\/pages\/607\/revisions\/617"}],"wp:attachment":[{"href":"https:\/\/btssioclm.ddec.pf\/index.php?rest_route=%2Fwp%2Fv2%2Fmedia&parent=607"}],"curies":[{"name":"wp","href":"https:\/\/api.w.org\/{rel}","templated":true}]}}